{"id":15634,"date":"2016-05-25T09:22:19","date_gmt":"2016-05-25T09:22:19","guid":{"rendered":"http:\/\/veronicaibizadrivers.com\/inicio\/"},"modified":"2025-11-11T14:10:15","modified_gmt":"2025-11-11T13:10:15","slug":"inicio","status":"publish","type":"page","link":"https:\/\/veronicaibizatransfer.com\/de\/","title":{"rendered":"Inicio"},"content":{"rendered":"<div class=\"wpb-content-wrapper\"><p>[vc_row type=&#8220;full_width_section&#8220; row_id=&#8220;inicio&#8220;][vc_column width=&#8220;1\/1&#8243;][rev_slider_vc alias=&#8220;video-es-vedra-de&#8220;][\/vc_column][\/vc_row][vc_row top_padding=&#8220;50&#8243; bottom_padding=&#8220;50&#8243; row_id=&#8220;quienes&#8220;][vc_column width=&#8220;1\/1&#8243;]<h2 class=\"headline font-special fontsize-xl fontweight-inherit lh-inherit align-left transform-inherit \" style=\"margin: 0 0 20px 0;\">\u00dcber uns<\/h2>[vc_row_inner][vc_column_inner width=&#8220;1\/2&#8243;][vc_column_text]Wir sind ein kleiner, privater Chauffeurservice auf Ibiza. Unsere Fahrer kennen die Insel wie ihre Westentasche und garantieren Ihnen jederzeit einen pers\u00f6nlichen Service, der vollkommen auf Ihre individuellen W\u00fcnsche zugeschnitten ist. Gem\u00e4\u00df unserer Firmenphilosophie bem\u00fchen wir uns um ein enges Verh\u00e4ltnis zu unseren Kunden \u2013 Kunden, die uns vertrauen und die mit unserem Service vollauf zufrieden sind, und zwar Jahr f\u00fcr Jahr aufs Neue.<\/p>\n<p>Wenn Sie auf der Suche nach einem zuverl\u00e4ssigen Transportmittel sind, das Sie von einem beliebigen Ort der Insel zu einem Zielort bringt, k\u00f6nnen Sie sich auf unsere schnell agierenden Fahrer verlassen. Z\u00f6gern Sie nicht, uns um Rat zu fragen, falls Sie auf der Suche nach einem guten Restaurant, sonnigen Strand, attraktiven Markt oder aufregenden Nachtclubs sein sollten. Ferner wissen wir, wo sich der n\u00e4chstgelegene Bootsverleih und die besten Einkaufsm\u00f6glichkeiten befinden. Insbesondere freuen wir uns, Ihnen eine spannende Inselrundfahrt anbieten zu k\u00f6nnen.<\/p>\n<p>Sie k\u00f6nnen uns au\u00dferdem kontaktieren, wenn Sie eine Anreise per Boot und Ausfl\u00fcge\/Rundreisen an Land planen.[\/vc_column_text][\/vc_column_inner][vc_column_inner width=&#8220;1\/2&#8243;]<div class=\"single_image wpb_content_element align-left    \" data-animation=\"none\" data-delay=\"0\"><img decoding=\"async\" width=\"500\" height=\"354\" src=\"https:\/\/veronicaibizatransfer.com\/wp-content\/uploads\/logo_completo_color.png\" class=\"attachment-full\" alt=\"\" title=\"logo_completo_color\" srcset=\"https:\/\/veronicaibizatransfer.com\/wp-content\/uploads\/logo_completo_color.png 500w, https:\/\/veronicaibizatransfer.com\/wp-content\/uploads\/logo_completo_color-300x212.png 300w\" sizes=\"(max-width: 500px) 100vw, 500px\" \/><\/div>[\/vc_column_inner][\/vc_row_inner][\/vc_column][\/vc_row][vc_row bg_color=&#8220;#424242&#8243; top_padding=&#8220;50&#8243; bottom_padding=&#8220;50&#8243; row_id=&#8220;servicios&#8220;][vc_column width=&#8220;1\/1&#8243;]<h2 class=\"headline font-special fontsize-xl fontweight-inherit lh-inherit align-left transform-inherit \" style=\"margin: 0 0 20px 0; color: #ffffff;\">Unser Serviceangebot<\/h2>[vc_row_inner][vc_column_inner width=&#8220;1\/3&#8243;][vc_column_text]<\/p>\n<h6 style=\"color: #fff; font-family: Open Sans;\">Vorausbuchungen<\/h6>\n<p style=\"color: #fff;\">Rufen Sie uns an. Wenn einer unserer Chauffeure zu der von Ihnen gew\u00fcnschten Zeit verf\u00fcgbar ist, werden Sie je nach Abholort innerhalb von maximal 60 Minuten abgeholt. Falls Sie zu einer spezifischen Zeit an Ihrem Zielort sein m\u00fcssen, k\u00f6nnen Sie im Voraus buchen, und Sie werden zur vereinbarten Zeit von einem unserer Chauffeure abgeholt.<\/p>\n<p>[\/vc_column_text][vc_column_text]<\/p>\n<h6 style=\"color: #fff; font-family: Open Sans;\">Diskretion und Vertraulichkeit<\/h6>\n<p style=\"color: #fff;\">Diskretion und Vertraulichkeit sind unserem Unternehmen von h\u00f6chster Bedeutung. Unsere Chauffeure sind taktvoll und diskret. Der Umgang mit den pers\u00f6nlichen Daten unserer Kunden steht im Einklang mit dem Datenschutzgesetz.<\/p>\n<p>[\/vc_column_text][vc_column_text]<\/p>\n<h6 style=\"color: #fff; font-family: Open Sans;\">Transportkapazit\u00e4t f\u00fcr bis zu 9 Personen<\/h6>\n<p style=\"color: #fff;\">Unsere Chauffeure verf\u00fcgen alle mindestens \u00fcber einen F\u00fchrerschein der Klasse B und d\u00fcrfen Fahrzeuge mit bis zu 9 Sitzen fahren.<\/p>\n<p>[\/vc_column_text][\/vc_column_inner][vc_column_inner width=&#8220;1\/3&#8243;][vc_column_text]<\/p>\n<h6 style=\"color: #fff; font-family: Open Sans;\">Flexibilit\u00e4t beim mieten<\/h6>\n<p style=\"color: #fff;\">Mieten Sie den Fahrservice f\u00fcr einen bestimmten Zeitraum oder \u2013 falls Sie im Urlaub ausspannen und die Zeit v\u00f6llig vergessen m\u00f6chten \u2013 tageweise, um an den vereinbarten Tagen rund um die Uhr \u00fcber einen Chauffeur zu verf\u00fcgen.<\/p>\n<p>[\/vc_column_text][vc_column_text]<\/p>\n<h6 style=\"color: #fff; font-family: Open Sans;\">Inselrundfahrten<\/h6>\n<p style=\"color: #fff;\">Unsere Chauffeure verf\u00fcgen \u00fcber ausgezeichnete Ortskenntnisse und werden Ihnen beim Erforschen der Insel kundig zur Seite stehen, Ihnen die wichtigsten Attraktionen zeigen und viel Wissenswertes \u00fcber die Insel erz\u00e4hlen.<\/p>\n<p>[\/vc_column_text][vc_column_text]<\/p>\n<h6 style=\"color: #fff; font-family: Open Sans;\">Service Rund um die Uhr<\/h6>\n<p style=\"color: #fff;\">Weil Ihr Wohlergehen keinem Zeitplan folgt und Sie sich auf unserer wundersch\u00f6nen Insel Tag und Nacht am\u00fcsieren k\u00f6nnen, gibt es immer jemanden, der Sie dabei unterst\u00fctzen kann.<\/p>\n<p>[\/vc_column_text][\/vc_column_inner][vc_column_inner width=&#8220;1\/3&#8243;][vc_column_text]<\/p>\n<h6 style=\"color: #fff; font-family: Open Sans;\">Individuelle Behandlung<\/h6>\n<p style=\"color: #fff;\">Die pers\u00f6nliche Betreuung unserer Kunden durch unsere Chauffeure ist uns ein ganz besonderes Anliegen. Alle unsere Chauffeure verf\u00fcgen \u00fcber ausgezeichnete Umgangsformen, sind p\u00fcnktlich, respektvoll im Umgang mit ihren Passagieren, tragen passende Kleidung und behandeln ihre Passagiere stets so, dass diese die Dienste unseres Unternehmens gern immer wieder in Anspruch nehmen.<\/p>\n<p>[\/vc_column_text][vc_column_text]<\/p>\n<h6 style=\"color: #fff; font-family: Open Sans;\">Erfahrung mit einer Vielzahl verschiedener Fahrzeuge und im Lesen von Strassenkarten<\/h6>\n<p style=\"color: #fff;\">Unsere Chauffeure sind vertrauensw\u00fcrdig und sicher hinter dem Steuer. Sie sind entweder geb\u00fcrtige Inselbewohner oder leben schon seit Langem hier und haben daher die erforderliche Ortskenntnis, um Sie zuverl\u00e4ssig an die Orte Ihrer Wahl zu bringen oder Ihnen auf Wunsch bei Ihren Erkundungen mit Rat und Tat zur Seite zu stehen.<\/p>\n<p>[\/vc_column_text][vc_column_text]<\/p>\n<h6 style=\"color: #fff; font-family: Open Sans;\">Mehrsprachigkeit<\/h6>\n<p style=\"color: #fff;\">S\u00e4mtliche Chauffeure verf\u00fcgen \u00fcber Englisch- und Deutschkenntnisse.<\/p>\n<p>[\/vc_column_text][\/vc_column_inner][\/vc_row_inner][\/vc_column][\/vc_row][vc_row top_padding=&#8220;50&#8243; bottom_padding=&#8220;50&#8243; row_id=&#8220;quienes&#8220;][vc_column width=&#8220;1\/1&#8243;]<h2 class=\"headline font-special fontsize-xl fontweight-inherit lh-inherit align-left transform-inherit \" style=\"margin: 0 0 20px 0;\">Rundreise um die Insel Ibiza<\/h2>[vc_tta_tour style=&#8220;modern&#8220; color=&#8220;white&#8220; active_section=&#8220;1&#8243; no_fill_content_area=&#8220;true&#8220;][vc_tta_section title=&#8220;Ein Besuch des s\u00fcdlichen Teils der Insel&#8220; tab_id=&#8220;1520605114402-89c61662-3978&#8243;][vc_column_text]In der <strong>Stadt Ibiza <\/strong>sind besonders die Altstadt, genannt <strong>Dalt Vila (ein von der UNESCO anerkanntes Weltkulturerbe)<\/strong> und <strong>die Kathedrale<\/strong> von besonderem kulturellem Interesse. Diese romantische Gegend l\u00e4dt zu einem Spaziergang ein, in dessen Zuge wir auch die Kathedrale und den herrlichen Ausblick bewundern k\u00f6nnen. F\u00fcr Geschichtsinteressierte bietet sich ein Besuch des <strong>Arch\u00e4ologischen Museums <\/strong>an (soweit wir gen\u00fcgend Zeit haben).<\/p>\n<p>Unweit des Dalt Vila befindet sich auch die <strong>Nekropole von Puig des Molins<\/strong>, die zu den wichtigsten Museen des westlichen Mittelmeer z\u00e4hlt und eine der signifikantesten Forschungsst\u00e4tten der ph\u00f6nizisch-punischen Kultur darstellt.<\/p>\n<p>S\u00fcdwestlich der Stadt befindet sich der <strong>Naturpark Ses Salines<\/strong>, ein Naturschutzgebiet, das fast alle \u00d6kosysteme der Insel beheimatet.<\/p>\n<p>Unserer Route durch den S\u00fcdwesten der Insel folgend, gelangen wir nach <strong>Sa Caleta<\/strong>, wo wir nicht nur den herrlichen Strand sondern auch das <strong>Ph\u00f6nizische Dorf <\/strong>(die \u00e4lteste st\u00e4dtische Siedlung der Insel) besuchen werden.<\/p>\n<p>Anschlie\u00dfend fahren wir weiter in das St\u00e4dtchen <strong>Es Cubells<\/strong>, Heimat einer der typischsten Kirchen Ibizas.<\/p>\n<p>Nicht weit von Es Cubells liegt <strong>Cala D\u00b4hort,<\/strong> ein weiteres Naturschutzgebiet, das einen hervorragenden Ausblick auf die majest\u00e4tische und mysteri\u00f6se Insel <strong>Es Vedr\u00e1<\/strong> bietet.<\/p>\n<p>Diese kleine Rundreise dauert etwa vier bis f\u00fcnf Stunden, weshalb sie nun zu Ihrem Ausgangspunkt zur\u00fcckgebracht werden. M\u00f6chten Sie Ihre Erkundungsreise fortsetzen, dann empfehlen wir ein k\u00f6stliches Essen in einem der typischen Restaurants von Ibiza. Bei Sonnenuntergang bietet sich der Besuch eines der nahegelegenen Str\u00e4nde an, z.B. <strong>Cala d\u00b4Hort, Cala Tarida oder Cala Conta<\/strong>, oder wie w\u00e4re es mit dem <strong>\u201eIbizenkischen Stonehenge\u201c<\/strong>, einem Kunstwerk, das vom Sch\u00f6pfer des Cirque du Soleil in Auftrag gegeben wurde und einen herrlichen Blick auf Es Vedr\u00e1 bietet.[\/vc_column_text][\/vc_tta_section][vc_tta_section title=&#8220;Ein Besuch des westlichen Teils der Insel&#8220; tab_id=&#8220;1520605114462-20eb95d7-36c4&#8243;][vc_column_text]Auf dem Weg in den westlichen Teil der Insel gelangen Sie zun\u00e4chst zu einem wahren Highlight: einer Felsklippe unweit von <strong>Santa Agnes De Corona<\/strong>, bekannt als <strong>\u201ePuertas Del Cielo\u201c<\/strong> (Himmelspforte).<\/p>\n<p>Dieser Aussichtspunkt \u00f6ffnet einen unvergesslichen Panoramablick \u00fcber die Nordk\u00fcste und die Insel <strong>Ses Margalides <\/strong>direkt vor uns.<\/p>\n<p>Von Santa In\u00e9s aus fahren wir nach <strong>Sant Mateu D\u00b4Albarca<\/strong>. Hier befindet sich die \u00e4lteste Weinkellerei des Landes und bei einem Besuch kann man nicht nur den k\u00f6stlichen ibizenkischen Wein kosten, sondern auch das liebevoll gepflegte Weingut bewundern.<\/p>\n<p>Von San Mateo aus geht es weiter in das Dorf <strong>Sant Miquel de Balan\u00e7at<\/strong>, wo man von der typisch ibizenkischen Kirche aus den herrlichen Meeresblick genie\u00dfen kann.<\/p>\n<p>W\u00e4hrend der Sommermonate findet hier jeden Donnerstag der gesch\u00e4ftige <strong>Kunsthandwerkmarkt<\/strong> statt, der um 18 Uhr im D\u00f6rfchen Sant Miquel de Balan\u00e7at beginnt. Zwischen 18.15 und 19 Uhr gesellen sich Gaukler und Musiker zu dem gesch\u00e4ftigen Treiben und mit etwas Gl\u00fcck wird man Zeuge <strong>traditioneller T\u00e4nze<\/strong>, die von der Colla de Balan\u00e7at dargebracht werden.<\/p>\n<p>Die Stra\u00dfe, die vom Hafen von San Miguel zur bekannten Bucht von <strong>Benirr\u00e1s <\/strong>f\u00fchrt, bietet einen besonders spektakul\u00e4ren Ausblick, und bei Interesse legen wir an den Tropfsteinh\u00f6hlen von <strong>Can Mar\u00e7a einen Zwischenstopp ein.<\/strong><\/p>\n<p>Nach dem Besuch der H\u00f6hlen liegt es nahe, den <strong>Strand von Benirr\u00e1s<\/strong> aufzusuchen, der f\u00fcr seine herrlichen Sonnenunterg\u00e4nge bekannt ist, die sonntags von den hypnotischen Trommelrhythmen der immer wiederkehrenden Hippies begleitet wird.<\/p>\n<p>Je nach Zeitlage k\u00f6nnen wir nun zum Augangspunkt zur\u00fcckkehren oder kurz im D\u00f6rfchen <strong>Santa Gertrudis de Fruitera<\/strong> anhalten, dem geographischen Herzen der Insel, in dem man typische ibizenkische Produkte aus der Umgebung erwerben oder eines der typischen Restaurants besuchen kann.[\/vc_column_text][\/vc_tta_section][vc_tta_section title=&#8220;Ein Besuch des \u00f6stlichen und n\u00f6rdlichen Teils der Insel&#8220; tab_id=&#8220;1520605258512-7c44e5b6-48f9&#8243;][vc_column_text]Im Osten der Insel befindet sich die kleine Stadt <strong>Santa Eulalia del Rio<\/strong>. Der Name stammt von der Kirche <strong>Puig de Missa<\/strong>, die einen wunderbaren Blick \u00fcber das ganze St\u00e4dtchen bietet.<\/p>\n<p>Hier ist auch der einzige Fluss der Balearischen Inseln zu sehen, dessen Oberlauf sich im bergigsten Gebiet der Insel unweit von <strong>Sant Mateu D\u00b4Albarca<\/strong> befindet.<\/p>\n<p>In der N\u00e4he der Stadt Santa Eulalia finden wir zwei der ber\u00fchmtesten und gr\u00f6\u00dften Hippiem\u00e4rkte der Insel; auch hier k\u00f6nnen wir auf Wunsch einen Zwischenstopp einlegen, wenn Sie auf der Suche nach ausgefallenen Souvenirs sein sollten.<\/p>\n<p>Der <strong>Hippiemarkt von Las Dalias <\/strong>findet von Juni bis September jeweils am Montag, Dienstag, Samstag und Sonntag in San Carlos statt. Er beginnt um 19 Uhr (bzw. um 10 Uhr morgens an Samstagen).<\/p>\n<p>Der <strong>Markt von Es Cana, in Punta Arab\u00ed<\/strong>, wird als \u00e4ltester Markt der Insel betrachtet und findet immer Mittwochmorgens statt.<\/p>\n<p>Beide M\u00e4rkte werden von Live-Musik untermalt und f\u00fcr die Kleinen stehen Workshops zur Verf\u00fcgung, um sie bei Laune zu halten.<\/p>\n<p>Unsere Reise geht weiter entlang der nord\u00f6stlichen K\u00fcste der Insel, wo wir Str\u00e4nde wie <strong>Pou d\u00b4es Lle\u00f3<\/strong> mit einem spektakul\u00e4ren Blick auf die Insel <strong>Tagomago<\/strong> besuchen werden.<\/p>\n<p>Ein weiterer Strand, der durch seine atemberaubenden Farben besticht, ist <strong>Aig\u00fces Blanques<\/strong> mit seinem weichen, goldenen Sand und dem kristallklaren t\u00fcrkisfarbenem Wasser. Dieser Strand ist ein offizielles FKK-Gebiet.<\/p>\n<p>Weiter n\u00f6rdlich befindet sich das St\u00e4dtchen <strong>Portinatx<\/strong>, ein ruhiger K\u00fcstenstreifen, der besonders von Familien gesch\u00e4tzt wird.<\/p>\n<p>Einen Besuch wert ist auch die Bucht <strong>Cala Xarraca<\/strong>, ein kleiner, abgeschiedener Strand mit Fischerh\u00fctten.<\/p>\n<p>Nach dieser aufschlussreichen Erkundungstour, die etwa vier Stunden dauert, k\u00f6nnen wir je nach Zeitlage einen Abstecher in eines der klassischen ibizenkischen Restaurants machen und einige der typischen Gerichte genie\u00dfen, oder gleich wir zum Ausgangspunkt zur\u00fcckkehren.[\/vc_column_text][\/vc_tta_section][\/vc_tta_tour][\/vc_column][\/vc_row][vc_row][vc_column][vc_column_text]<\/p>\n<p>[\/vc_column_text][\/vc_column][\/vc_row][vc_row bg_color=&#8220;#262626&#8243; top_padding=&#8220;50&#8243; row_id=&#8220;contacto&#8220;][vc_column width=&#8220;1\/1&#8243;]<h2 class=\"headline font-special fontsize-xl fontweight-inherit lh-inherit align-left transform-inherit \" style=\"margin: 0 0 20px 0; color: #ffffff;\">Kontaktieren Sie uns<\/h2>[vc_row_inner][vc_column_inner width=&#8220;1\/4&#8243;][vc_column_text]<span style=\"color: #fff;\"><i class=\"fa fa-envelope\"><\/i> info@veronicaibizatransfer.com<br \/>\n<i class=\"fa fa-phone\"><\/i> +34 606 720 608<\/span>[\/vc_column_text][\/vc_column_inner][vc_column_inner width=&#8220;3\/4&#8243;]\n<div class=\"wpcf7 no-js\" id=\"wpcf7-f15633-o1\" lang=\"en-US\" dir=\"ltr\" data-wpcf7-id=\"15633\">\n<div class=\"screen-reader-response\"><p role=\"status\" aria-live=\"polite\" aria-atomic=\"true\"><\/p> <ul><\/ul><\/div>\n<form action=\"\/de\/wp-json\/wp\/v2\/pages\/15634#wpcf7-f15633-o1\" method=\"post\" class=\"wpcf7-form init\" aria-label=\"Contact form\" novalidate=\"novalidate\" data-status=\"init\">\n<fieldset class=\"hidden-fields-container\"><input type=\"hidden\" name=\"_wpcf7\" value=\"15633\" \/><input type=\"hidden\" name=\"_wpcf7_version\" value=\"6.1.5\" \/><input type=\"hidden\" name=\"_wpcf7_locale\" value=\"en_US\" \/><input type=\"hidden\" name=\"_wpcf7_unit_tag\" value=\"wpcf7-f15633-o1\" \/><input type=\"hidden\" name=\"_wpcf7_container_post\" value=\"0\" \/><input type=\"hidden\" name=\"_wpcf7_posted_data_hash\" value=\"\" \/><input type=\"hidden\" name=\"_wpcf7_recaptcha_response\" value=\"\" \/>\n<\/fieldset>\n<div class=\"vc_row wpb_row vc_inner vc_row-fluid\" style=\"color:#fff\">\n\t<div class=\"wpb_column vc_column_container vc_col-sm-6\">\n\t\t<p>Name (notwendig)\n\t\t<\/p>\n\t\t<p><span class=\"wpcf7-form-control-wrap\" data-name=\"your-name\"><input size=\"40\" maxlength=\"400\" class=\"wpcf7-form-control wpcf7-text wpcf7-validates-as-required\" aria-required=\"true\" aria-invalid=\"false\" value=\"\" type=\"text\" name=\"your-name\" \/><\/span>\n\t\t<\/p>\n\t\t<p>Email (notwendig)\n\t\t<\/p>\n\t\t<p><span class=\"wpcf7-form-control-wrap\" data-name=\"your-email\"><input size=\"40\" maxlength=\"400\" class=\"wpcf7-form-control wpcf7-email wpcf7-validates-as-required wpcf7-text wpcf7-validates-as-email\" aria-required=\"true\" aria-invalid=\"false\" value=\"\" type=\"email\" name=\"your-email\" \/><\/span>\n\t\t<\/p>\n\t\t<p>Telefonnummer\n\t\t<\/p>\n\t\t<p><span class=\"wpcf7-form-control-wrap\" data-name=\"countryphone-306\"><input size=\"40\" class=\"wpcf7-form-control wpcf7-countrytext wpcf7-text wpcf7-validates-as-countrytext\" aria-invalid=\"false\" value=\"\" type=\"text\" name=\"countryphone-306\" \/><\/span><span class=\"wpcf7-form-control-wrap\" data-name=\"tel-799\"><input size=\"40\" maxlength=\"400\" class=\"wpcf7-form-control wpcf7-tel wpcf7-text wpcf7-validates-as-tel\" aria-invalid=\"false\" value=\"\" type=\"tel\" name=\"tel-799\" \/><\/span>\n\t\t<\/p>\n\t<\/div>\n\t<div class=\"wpb_column vc_column_container vc_col-sm-6\">\n\t\t<p>Bewertungen\n\t\t<\/p>\n\t\t<p><span class=\"wpcf7-form-control-wrap\" data-name=\"your-message\"><textarea cols=\"40\" rows=\"10\" maxlength=\"2000\" class=\"wpcf7-form-control wpcf7-textarea\" aria-invalid=\"false\" name=\"your-message\"><\/textarea><\/span>\n\t\t<\/p>\n\t<\/div>\n<\/div>\n<div class=\"vc_row wpb_row vc_inner vc_row-fluid\" style=\"color:#fff\">\n\t<div class=\"wpb_column vc_column_container vc_col-sm-6\">\n\t\n\t<\/div>\n\t<div class=\"wpb_column vc_column_container vc_col-sm-6\">\n\t\t<p><input class=\"wpcf7-form-control wpcf7-submit has-spinner\" type=\"submit\" value=\"Senden\" \/>\n\t\t<\/p>\n\t<\/div>\n<\/div><div class=\"wpcf7-response-output\" aria-hidden=\"true\"><\/div>\n<\/form>\n<\/div>\n[vc_column_text]<\/p>\n<p style=\"font-size: 10px;\">En cumplimiento de lo establecido en la LOPD, le informamos que sus datos ser\u00e1n tratados en nuestros ficheros, con la finalidad del mantenimiento y cumplimiento de la relaci\u00f3n con nuestra entidad, incluyendo el env\u00edo de comunicaciones en el marco de la citada relaci\u00f3n. Asimismo, sus datos ser\u00e1n cedidos en todos aquellos casos en que sea necesario para el desarrollo, cumplimiento y control de la relaci\u00f3n con nuestra entidad o en los supuestos en que lo autorice una norma con rango de ley. En cumplimiento de la LOPD puede ejercitar sus derechos ARCO ante VERONICA IBIZA TRANSFER, S.L., con direcci\u00f3n en C\/ BALANZAT, N\u00ba 4-1\u00baA, CP 07815, SANT MIQUEL DE BALANZAT (Balears (Illes)), adjuntando fotocopia de su DNI.<br \/>\nEl contenido de esta comunicaci\u00f3n, as\u00ed como el de toda la documentaci\u00f3n anexa, est\u00e1 sujeta al deber de secreto y va dirigida \u00fanicamente a su destinatario. En el supuesto de que usted no fuera el destinatario, le solicitamos que nos lo indique y no comunique su contenido a terceros, procediendo a su destrucci\u00f3n.<\/p>\n<p>[\/vc_column_text][\/vc_column_inner][\/vc_row_inner][\/vc_column][\/vc_row]<\/p>\n<\/div>","protected":false},"excerpt":{"rendered":"<p>[vc_row type=&#8220;full_width_section&#8220; row_id=&#8220;inicio&#8220;][vc_column width=&#8220;1\/1&#8243;][rev_slider_vc alias=&#8220;video-es-vedra-de&#8220;][\/vc_column][\/vc_row][vc_row top_padding=&#8220;50&#8243; bottom_padding=&#8220;50&#8243; row_id=&#8220;quienes&#8220;][vc_column width=&#8220;1\/1&#8243;][vc_row_inner][vc_column_inner width=&#8220;1\/2&#8243;][vc_column_text]Wir sind ein kleiner, privater Chauffeurservice auf Ibiza. Unsere Fahrer kennen die Insel wie ihre Westentasche und garantieren Ihnen jederzeit einen pers\u00f6nlichen Service, der vollkommen auf Ihre individuellen W\u00fcnsche zugeschnitten ist. Gem\u00e4\u00df unserer Firmenphilosophie bem\u00fchen wir uns um ein enges Verh\u00e4ltnis zu unseren Kunden \u2013 Kunden, die uns vertrauen und die mit unserem Service vollauf zufrieden sind, und zwar Jahr f\u00fcr Jahr aufs Neue. Wenn Sie auf der Suche nach einem zuverl\u00e4ssigen Transportmittel sind, das Sie von einem beliebigen Ort der Insel zu einem Zielort bringt, k\u00f6nnen Sie sich auf unsere schnell agierenden Fahrer verlassen. Z\u00f6gern Sie nicht, uns um Rat zu fragen, falls Sie auf der Suche nach einem guten Restaurant, sonnigen Strand, attraktiven Markt oder aufregenden Nachtclubs sein sollten. Ferner wissen wir, wo sich der n\u00e4chstgelegene Bootsverleih und die besten Einkaufsm\u00f6glichkeiten befinden. Insbesondere freuen wir uns, Ihnen eine spannende Inselrundfahrt anbieten zu k\u00f6nnen. Sie k\u00f6nnen uns au\u00dferdem kontaktieren, wenn Sie eine Anreise per Boot und Ausfl\u00fcge\/Rundreisen an Land planen.[\/vc_column_text][\/vc_column_inner][vc_column_inner width=&#8220;1\/2&#8243;][\/vc_column_inner][\/vc_row_inner][\/vc_column][\/vc_row][vc_row bg_color=&#8220;#424242&#8243; top_padding=&#8220;50&#8243; bottom_padding=&#8220;50&#8243; row_id=&#8220;servicios&#8220;][vc_column width=&#8220;1\/1&#8243;][vc_row_inner][vc_column_inner width=&#8220;1\/3&#8243;][vc_column_text] Vorausbuchungen Rufen Sie uns an. Wenn einer unserer Chauffeure zu der von Ihnen gew\u00fcnschten Zeit verf\u00fcgbar ist, werden Sie je nach Abholort innerhalb [&hellip;]<\/p>\n","protected":false},"author":2,"featured_media":0,"parent":0,"menu_order":0,"comment_status":"closed","ping_status":"closed","template":"","meta":{"footnotes":""},"class_list":["post-15634","page","type-page","status-publish","hentry"],"_links":{"self":[{"href":"https:\/\/veronicaibizatransfer.com\/de\/wp-json\/wp\/v2\/pages\/15634","targetHints":{"allow":["GET"]}}],"collection":[{"href":"https:\/\/veronicaibizatransfer.com\/de\/wp-json\/wp\/v2\/pages"}],"about":[{"href":"https:\/\/veronicaibizatransfer.com\/de\/wp-json\/wp\/v2\/types\/page"}],"author":[{"embeddable":true,"href":"https:\/\/veronicaibizatransfer.com\/de\/wp-json\/wp\/v2\/users\/2"}],"replies":[{"embeddable":true,"href":"https:\/\/veronicaibizatransfer.com\/de\/wp-json\/wp\/v2\/comments?post=15634"}],"version-history":[{"count":0,"href":"https:\/\/veronicaibizatransfer.com\/de\/wp-json\/wp\/v2\/pages\/15634\/revisions"}],"wp:attachment":[{"href":"https:\/\/veronicaibizatransfer.com\/de\/wp-json\/wp\/v2\/media?parent=15634"}],"curies":[{"name":"wp","href":"https:\/\/api.w.org\/{rel}","templated":true}]}}