{"id":15602,"date":"2016-05-25T09:22:19","date_gmt":"2016-05-25T09:22:19","guid":{"rendered":"http:\/\/veronicaibizadrivers.com\/en\/inicio\/"},"modified":"2025-11-11T14:09:48","modified_gmt":"2025-11-11T13:09:48","slug":"inicio","status":"publish","type":"page","link":"https:\/\/veronicaibizatransfer.com\/en\/","title":{"rendered":"Home"},"content":{"rendered":"<div class=\"wpb-content-wrapper\"><p>[vc_row type=&#8221;full_width_section&#8221; row_id=&#8221;inicio&#8221;][vc_column width=&#8221;1\/1&#8243;][rev_slider_vc alias=&#8221;video-es-vedra-en&#8221;][\/vc_column][\/vc_row][vc_row top_padding=&#8221;50&#8243; bottom_padding=&#8221;50&#8243; row_id=&#8221;quienes&#8221;][vc_column width=&#8221;1\/1&#8243;]<h2 class=\"headline font-special fontsize-xl fontweight-inherit lh-inherit align-left transform-inherit \" style=\"margin: 0 0 20px 0;\">About us<\/h2>[vc_row_inner][vc_column_inner width=&#8221;1\/2&#8243;][vc_column_text]We are a small private driver\u00a0service company in Ibiza. Our drivers know the island and will guarantee you a personalized and friendly service. Our company stands out for the ties of friendship that we establish with our clients, who trust us and satisfied with our service, repeat year after year.<\/p>\n<p>If you need a transfer from any point of the island, our drivers will attend swiftly to your needs and perform the service. Do not hesitate to request information about attractions of the island, because we can advise you regarding restaurants, beaches, markets, nightclubs, shopping areas, boat charter services and tours around the island.<\/p>\n<p>If you come by boat and need to travel for departures and collections on land you can also contact us.[\/vc_column_text][\/vc_column_inner][vc_column_inner width=&#8221;1\/2&#8243;]<div class=\"single_image wpb_content_element align-left    \" data-animation=\"none\" data-delay=\"0\"><img decoding=\"async\" width=\"500\" height=\"354\" src=\"https:\/\/veronicaibizatransfer.com\/wp-content\/uploads\/logo_completo_color.png\" class=\"attachment-full\" alt=\"\" title=\"logo_completo_color\" srcset=\"https:\/\/veronicaibizatransfer.com\/wp-content\/uploads\/logo_completo_color.png 500w, https:\/\/veronicaibizatransfer.com\/wp-content\/uploads\/logo_completo_color-300x212.png 300w\" sizes=\"(max-width: 500px) 100vw, 500px\" \/><\/div>[\/vc_column_inner][\/vc_row_inner][\/vc_column][\/vc_row][vc_row bg_color=&#8221;#424242&#8243; top_padding=&#8221;50&#8243; bottom_padding=&#8221;50&#8243; row_id=&#8221;servicios&#8221;][vc_column width=&#8221;1\/1&#8243;]<h2 class=\"headline font-special fontsize-xl fontweight-inherit lh-inherit align-left transform-inherit \" style=\"margin: 0 0 20px 0; color: #ffffff;\">Services that we offer<\/h2>[vc_row_inner][vc_column_inner width=&#8221;1\/3&#8243;][vc_column_text]<\/p>\n<h6 style=\"color: #fff; font-family: Open Sans;\">Option to book in advance<\/h6>\n<p style=\"color: #fff;\">You can call us when you need the service and if we have a driver available at the time, the driver will collect you within 30 minutes or an hour, depending on the collection point. However, if you want to ensure our service because you have an important appointment, you can book in advance and the driver will be at the agreed place on time.<\/p>\n<p>[\/vc_column_text][vc_column_text]<\/p>\n<h6 style=\"color: #fff; font-family: Open Sans;\">Discretion and confidentiality<\/h6>\n<p style=\"color: #fff;\">We take these ethical and moral values into account in our company, so our drivers are tactful and discreet. In addition, our company complies with the data protection law.<\/p>\n<p>[\/vc_column_text][vc_column_text]<\/p>\n<p style=\"color: #fff;\">All our drivers have at least the B license, with which they are trained to drive vehicles of up to nine seats.<\/p>\n<p>[\/vc_column_text][\/vc_column_inner][vc_column_inner width=&#8221;1\/3&#8243;][vc_column_text]<\/p>\n<h6 style=\"color: #fff; font-family: Open Sans;\">Flexible hiring<\/h6>\n<p style=\"color: #fff;\">You can hire the driver service for a specific time or if you want to be relaxed on your holidays and not worry about schedules, you can hire the services of a driver per day and you will have a driver available to you 24 hours for the contracted days.<\/p>\n<p>[\/vc_column_text][vc_column_text]<\/p>\n<h6 style=\"color: #fff; font-family: Open Sans;\">Round the island tours services<\/h6>\n<p style=\"color: #fff;\">Our drivers have a good knowledge of the island, so they will expertly accompany you in discovering it, showing you the most emblematic places and telling you about the most typical things.<\/p>\n<p>[\/vc_column_text][vc_column_text]<\/p>\n<h6 style=\"color: #fff; font-family: Open Sans;\">24 Hour service<\/h6>\n<p style=\"color: #fff;\">Because your wellbeing has no schedules, and because we are in a place where there is enjoyment to be had both day and night, there will always be a person waiting to assist you.<\/p>\n<p>[\/vc_column_text][\/vc_column_inner][vc_column_inner width=&#8221;1\/3&#8243;][vc_column_text]<\/p>\n<h6 style=\"color: #fff; font-family: Open Sans;\">Personalised treatment<\/h6>\n<p style=\"color: #fff;\">Personalised treatment of drivers to our clients is very important for our company. This treatment requires from our drivers good manners, punctuality, respect, appropriate dress and appearance and other aspects that mean our clients are happy to deal with us and maintain long relationships with the company.<\/p>\n<p>[\/vc_column_text][vc_column_text]<\/p>\n<h6 style=\"color: #fff; font-family: Open Sans;\">Knowledge of all kinds of vehicles and street maps<\/h6>\n<p style=\"color: #fff;\">Our drivers are correct and safe at the wheel. In addition, they are either native or have lived on the island for a long time, so they will always know how to take you to the desired place or even advise you, if you so request, of new places you might like to discover.<\/p>\n<p>[\/vc_column_text][vc_column_text]<\/p>\n<h6 style=\"color: #fff; font-family: Open Sans;\">Possibility of languages<\/h6>\n<p style=\"color: #fff;\">All our drivers have a good command of English and German.<\/p>\n<p>[\/vc_column_text][\/vc_column_inner][\/vc_row_inner][\/vc_column][\/vc_row][vc_row top_padding=&#8221;50&#8243; bottom_padding=&#8221;50&#8243; row_id=&#8221;quienes&#8221;][vc_column width=&#8221;1\/1&#8243;]<h2 class=\"headline font-special fontsize-xl fontweight-inherit lh-inherit align-left transform-inherit \" style=\"margin: 0 0 20px 0;\">Tour around Ibiza Island<\/h2>[vc_tta_tour style=&#8221;modern&#8221; color=&#8221;white&#8221; active_section=&#8221;1&#8243; no_fill_content_area=&#8221;true&#8221;][vc_tta_section title=&#8221;Visit around the southern area of the island&#8221; tab_id=&#8221;1520605114402-89c61662-3978&#8243;][vc_column_text]In the area of <strong>Ibiza town, <\/strong>we have as points of cultural interest the old part of the town, called <strong>Dalt Vila, World Heritage Site, <\/strong>and <strong>the cathedral<\/strong>.<\/p>\n<p>We can go for a stroll and see the cathedral and the views, or for the more curious, we can visit the <strong>Archaeological Museum <\/strong>(If we are on schedule).<\/p>\n<p>Close to Dalt Vila we also have a museum of the <strong>Carthaginian Necropolis<\/strong>, considered the most important of the western Mediterranean.<\/p>\n<p>It is one of the most important research points of Phoenician-Punic culture in the whole world.<\/p>\n<p>Heading southwest, we have <strong>the Ses Salines Natural Park<\/strong>, a protected natural area which is home to almost all the ecosystems found on the island.<\/p>\n<p>Following the route through the southwest area of the island, we head to the area of <strong>Sa\u00a0<\/strong><strong>Caleta<\/strong>, where in addition to the beautiful beach we can visit the first <strong>Phoenician village\u00a0<\/strong>and the oldest urban settlement.<\/p>\n<p>After this visit, we will proceed to the town of <strong>Es Cubells<\/strong>, location of one of the most typical Ibicencan churches.<\/p>\n<p>Very close to Es Cubells we have <strong>Cala D\u00b4hort,<\/strong> also a nature reserve, with one of the best views of the majestic and mysterious island of <strong>Es Vedr\u00e1<\/strong>.<\/p>\n<p>All these visits will take us about four or five hours, so at this point, you will be returned to the starting point or if you wish to continue, we would suggest stopping for lunch or dinner in a good typical Ibicencan restaurant, or if it is close to sunset, we would recommend stopping at a nearby beach like <strong>Cala d\u00b4Hort, Cala Tarida or Cala Conta<\/strong>, or even stopping at another curious site, the <strong>\u201cIbicencan Stonehenge\u201d<\/strong>, a monument of the creator of the Cirque du Soleil, with a beautiful views of Es Vedr\u00e1.[\/vc_column_text][\/vc_tta_section][vc_tta_section title=&#8221;Visit around the western area of the island&#8221; tab_id=&#8221;1520605114462-20eb95d7-36c4&#8243;][vc_column_text]Heading to the western part of the island, we will take you to the highlight of which is a cliff near <strong>Santa Agnes De Corona<\/strong>, known as <strong>\u201cPuertas Del Cielo\u201d<\/strong>, literally the gates of heaven.<\/p>\n<p>The viewpoint offers an expansive panoramic of the north coast, with the island of <strong>Ses\u00a0<\/strong><strong>Margalides <\/strong>in front of us.<\/p>\n<p>From Santa In\u00e9s we head to <strong>Sant Mateu D\u00b4Albarca<\/strong>, this area is home to the oldest winery of the island, wich can be visited to taste its typical Ibicencan wines as well to enjoy the landscape of this vineyards so well cared.<\/p>\n<p>From San Mateo we can visit the village of <strong>Sant Miquel de Balan\u00e7at <\/strong>and contemplate the\u00a0beauty of the sea views from de church.<\/p>\n<p>Every Thursday during the summer months, we can enjoy the interesting <strong>artisan market\u00a0<\/strong>from 6 p.m. in the village of Sant Miquel de Balan\u00e7at. In addition, between 6:15 p.m. and 7 p.m. the church square is the scene of demonstrations of <strong>folkloric dance performed <\/strong>by the Colla de Balan\u00e7at.<\/p>\n<p>The road leading from the port of San Miguel to the cove of <strong>Benirr\u00e1s <\/strong>offers spectacular views, and we can also stop to visit the <strong>Cave of Can Mar\u00e7a.<\/strong><\/p>\n<p><strong>\u00a0<\/strong>After visiting the cave if you have chosen to, we can continue the tour to contemplate\u00a0<strong>Benirr\u00e1s Beach<\/strong>, famous for its sunsets and the hippy drumming parties with tribal rhythms that are held every Sunday.<\/p>\n<p>At this point of the tour, depending on the time we have available, we can proceed to return to return point, or we can stop briefly in the village of <strong>Santa Gertrudis de Fruitera<\/strong>, the geographical heart of the island, surrounded by typical Ibicencan and Spanish products or we can go to a good typical Ibicencan restaurant.[\/vc_column_text][\/vc_tta_section][vc_tta_section title=&#8221;Visit around eastern and northern area of the island&#8221; tab_id=&#8221;1520605258512-7c44e5b6-48f9&#8243;][vc_column_text]In the eastern part of the island we find the town of <strong>Santa Eulalia del Rio<\/strong>, its name comes\u00a0from the church <strong>Puig de Missa<\/strong>, offering stunning views of the whole town.<\/p>\n<p>It also has the only river in the Balearic Islands, the headwaters of which are near the most mountainous area of the island close to <strong>Sant Mateu D\u00b4Albarca<\/strong>.<\/p>\n<p>Near the town of Santa Eulalia, we have two of the most famous and important hippie markets on the island, which we can stop to visit if you wish.<\/p>\n<p><strong>The hippie market of Las Dalias <\/strong>is located in San Carlos and takes place on Mondays, Tuesdays and Sundays from June thought to September, starting at 7 p.m., at 10 a.m. on Saturdays.<\/p>\n<p><strong>The market of Es Cana, in Punta Arab\u00ed<\/strong>, is considered the oldest on the island, it is open on Wednesday mornings.<\/p>\n<p>Both markets have live music and organise workshops for children.<\/p>\n<p>We will continue touring the northeast coast of the island and some of its beaches such as\u00a0<strong>Pou d\u00b4es Lle\u00f3<\/strong>, with spectacular views of the island of <strong>Tagomago<\/strong>.<\/p>\n<p>Another beach of breath-taking colours that can be visited is <strong>Aig\u00fces Blanques<\/strong>, is of fine and soft golden sand, with a few rocks protruding from its crystal-clear waters. It\u2019s an\u00a0official nudist beach.<\/p>\n<p>Continuing along the north coast, we can stop in <strong>Portinatx<\/strong>, an area of quiet family beaches.<\/p>\n<p>Another beautiful cove in the north of the island worth visiting is <strong>Cala Xarraca<\/strong>, a small, secluded and quiet cove, with fishermen\u00b4s huts.<\/p>\n<p>Following all these visits around the island, which will take about four hours, depending on the time it is, we can stop and savour some typical Ibicencan cuisine in a good restaurant before continuing the tour, or we can return to the departure point or wherever you wish.[\/vc_column_text][\/vc_tta_section][\/vc_tta_tour][\/vc_column][\/vc_row][vc_row bg_color=&#8221;#262626&#8243; top_padding=&#8221;50&#8243; row_id=&#8221;contacto&#8221;][vc_column width=&#8221;1\/1&#8243;]<h2 class=\"headline font-special fontsize-xl fontweight-inherit lh-inherit align-left transform-inherit \" style=\"margin: 0 0 20px 0; color: #ffffff;\">Contact us<\/h2>[vc_row_inner][vc_column_inner width=&#8221;1\/4&#8243;][vc_column_text]<span style=\"color: #fff;\"><i class=\"fa fa-envelope\"><\/i> info@veronicaibizatransfer.com<\/span><\/p>\n<p><span style=\"color: #fff;\"> <i class=\"fa fa-phone\"><\/i> +34 606 720 608<\/span>[\/vc_column_text][\/vc_column_inner][vc_column_inner width=&#8221;3\/4&#8243;]\n<div class=\"wpcf7 no-js\" id=\"wpcf7-f15165-o1\" lang=\"en-US\" dir=\"ltr\" data-wpcf7-id=\"15165\">\n<div class=\"screen-reader-response\"><p role=\"status\" aria-live=\"polite\" aria-atomic=\"true\"><\/p> <ul><\/ul><\/div>\n<form action=\"\/en\/wp-json\/wp\/v2\/pages\/15602#wpcf7-f15165-o1\" method=\"post\" class=\"wpcf7-form init\" aria-label=\"Contact form\" novalidate=\"novalidate\" data-status=\"init\">\n<fieldset class=\"hidden-fields-container\"><input type=\"hidden\" name=\"_wpcf7\" value=\"15165\" \/><input type=\"hidden\" name=\"_wpcf7_version\" value=\"6.1.5\" \/><input type=\"hidden\" name=\"_wpcf7_locale\" value=\"en_US\" \/><input type=\"hidden\" name=\"_wpcf7_unit_tag\" value=\"wpcf7-f15165-o1\" \/><input type=\"hidden\" name=\"_wpcf7_container_post\" value=\"0\" \/><input type=\"hidden\" name=\"_wpcf7_posted_data_hash\" value=\"\" \/><input type=\"hidden\" name=\"_wpcf7_recaptcha_response\" value=\"\" \/>\n<\/fieldset>\n<div class=\"vc_row wpb_row vc_inner vc_row-fluid\" style=\"color:#fff\">\n\t<div class=\"wpb_column vc_column_container vc_col-sm-6\">\n\t\t<p>Name (required)\n\t\t<\/p>\n\t\t<p><span class=\"wpcf7-form-control-wrap\" data-name=\"your-name\"><input size=\"40\" maxlength=\"400\" class=\"wpcf7-form-control wpcf7-text wpcf7-validates-as-required\" aria-required=\"true\" aria-invalid=\"false\" value=\"\" type=\"text\" name=\"your-name\" \/><\/span>\n\t\t<\/p>\n\t\t<p>Email (required)\n\t\t<\/p>\n\t\t<p><span class=\"wpcf7-form-control-wrap\" data-name=\"your-email\"><input size=\"40\" maxlength=\"400\" class=\"wpcf7-form-control wpcf7-email wpcf7-validates-as-required wpcf7-text wpcf7-validates-as-email\" aria-required=\"true\" aria-invalid=\"false\" value=\"\" type=\"email\" name=\"your-email\" \/><\/span>\n\t\t<\/p>\n\t\t<p>Telephone\n\t\t<\/p>\n\t\t<p><span class=\"wpcf7-form-control-wrap\" data-name=\"countryphone-306\"><input size=\"40\" class=\"wpcf7-form-control wpcf7-countrytext wpcf7-text wpcf7-validates-as-countrytext\" aria-invalid=\"false\" value=\"\" type=\"text\" name=\"countryphone-306\" \/><\/span><span class=\"wpcf7-form-control-wrap\" data-name=\"tel-799\"><input size=\"40\" maxlength=\"400\" class=\"wpcf7-form-control wpcf7-tel wpcf7-text wpcf7-validates-as-tel\" aria-invalid=\"false\" value=\"\" type=\"tel\" name=\"tel-799\" \/><\/span>\n\t\t<\/p>\n\t<\/div>\n\t<div class=\"wpb_column vc_column_container vc_col-sm-6\">\n\t\t<p>Message\n\t\t<\/p>\n\t\t<p><span class=\"wpcf7-form-control-wrap\" data-name=\"your-message\"><textarea cols=\"40\" rows=\"10\" maxlength=\"2000\" class=\"wpcf7-form-control wpcf7-textarea\" aria-invalid=\"false\" name=\"your-message\"><\/textarea><\/span>\n\t\t<\/p>\n\t<\/div>\n<\/div>\n<div class=\"vc_row wpb_row vc_inner vc_row-fluid\" style=\"color:#fff\">\n\t<div class=\"wpb_column vc_column_container vc_col-sm-6\">\n\t\n\t<\/div>\n\t<div class=\"wpb_column vc_column_container vc_col-sm-6\">\n\t\t<p><input class=\"wpcf7-form-control wpcf7-submit has-spinner\" type=\"submit\" value=\"Submit\" \/>\n\t\t<\/p>\n\t<\/div>\n<\/div><div class=\"wpcf7-response-output\" aria-hidden=\"true\"><\/div>\n<\/form>\n<\/div>\n[vc_column_text]<\/p>\n<p style=\"font-size: 10px;\">En cumplimiento de lo establecido en la LOPD, le informamos que sus datos ser\u00e1n tratados en nuestros ficheros, con la finalidad del mantenimiento y cumplimiento de la relaci\u00f3n con nuestra entidad, incluyendo el env\u00edo de comunicaciones en el marco de la citada relaci\u00f3n. Asimismo, sus datos ser\u00e1n cedidos en todos aquellos casos en que sea necesario para el desarrollo, cumplimiento y control de la relaci\u00f3n con nuestra entidad o en los supuestos en que lo autorice una norma con rango de ley. En cumplimiento de la LOPD puede ejercitar sus derechos ARCO ante VERONICA IBIZA TRANSFER, S.L., con direcci\u00f3n en C\/ BALANZAT, N\u00ba 4-1\u00baA, CP 07815, SANT MIQUEL DE BALANZAT (Balears (Illes)), adjuntando fotocopia de su DNI.<br \/>\nEl contenido de esta comunicaci\u00f3n, as\u00ed como el de toda la documentaci\u00f3n anexa, est\u00e1 sujeta al deber de secreto y va dirigida \u00fanicamente a su destinatario. En el supuesto de que usted no fuera el destinatario, le solicitamos que nos lo indique y no comunique su contenido a terceros, procediendo a su destrucci\u00f3n.<\/p>\n<p>[\/vc_column_text][\/vc_column_inner][\/vc_row_inner][\/vc_column][\/vc_row]<\/p>\n<\/div>","protected":false},"excerpt":{"rendered":"<p>[vc_row type=&#8221;full_width_section&#8221; row_id=&#8221;inicio&#8221;][vc_column width=&#8221;1\/1&#8243;][rev_slider_vc alias=&#8221;video-es-vedra-en&#8221;][\/vc_column][\/vc_row][vc_row top_padding=&#8221;50&#8243; bottom_padding=&#8221;50&#8243; row_id=&#8221;quienes&#8221;][vc_column width=&#8221;1\/1&#8243;][vc_row_inner][vc_column_inner width=&#8221;1\/2&#8243;][vc_column_text]We are a small private driver\u00a0service company in Ibiza. Our drivers know the island and will guarantee you a personalized and friendly service. Our company stands out for the ties of friendship that we establish with our clients, who trust us and satisfied with our service, repeat year after year. If you need a transfer from any point of the island, our drivers will attend swiftly to your needs and perform the service. Do not hesitate to request information about attractions of the island, because we can advise you regarding restaurants, beaches, markets, nightclubs, shopping areas, boat charter services and tours around the island. If you come by boat and need to travel for departures and collections on land you can also contact us.[\/vc_column_text][\/vc_column_inner][vc_column_inner width=&#8221;1\/2&#8243;][\/vc_column_inner][\/vc_row_inner][\/vc_column][\/vc_row][vc_row bg_color=&#8221;#424242&#8243; top_padding=&#8221;50&#8243; bottom_padding=&#8221;50&#8243; row_id=&#8221;servicios&#8221;][vc_column width=&#8221;1\/1&#8243;][vc_row_inner][vc_column_inner width=&#8221;1\/3&#8243;][vc_column_text] Option to book in advance You can call us when you need the service and if we have a driver available at the time, the driver will collect you within 30 minutes or an hour, depending on the collection point. However, if you want to ensure our service because you have an important appointment, you can book in advance and [&hellip;]<\/p>\n","protected":false},"author":2,"featured_media":0,"parent":0,"menu_order":0,"comment_status":"closed","ping_status":"closed","template":"","meta":{"footnotes":""},"class_list":["post-15602","page","type-page","status-publish","hentry"],"_links":{"self":[{"href":"https:\/\/veronicaibizatransfer.com\/en\/wp-json\/wp\/v2\/pages\/15602","targetHints":{"allow":["GET"]}}],"collection":[{"href":"https:\/\/veronicaibizatransfer.com\/en\/wp-json\/wp\/v2\/pages"}],"about":[{"href":"https:\/\/veronicaibizatransfer.com\/en\/wp-json\/wp\/v2\/types\/page"}],"author":[{"embeddable":true,"href":"https:\/\/veronicaibizatransfer.com\/en\/wp-json\/wp\/v2\/users\/2"}],"replies":[{"embeddable":true,"href":"https:\/\/veronicaibizatransfer.com\/en\/wp-json\/wp\/v2\/comments?post=15602"}],"version-history":[{"count":0,"href":"https:\/\/veronicaibizatransfer.com\/en\/wp-json\/wp\/v2\/pages\/15602\/revisions"}],"wp:attachment":[{"href":"https:\/\/veronicaibizatransfer.com\/en\/wp-json\/wp\/v2\/media?parent=15602"}],"curies":[{"name":"wp","href":"https:\/\/api.w.org\/{rel}","templated":true}]}}